{"id":6989,"date":"2024-02-25T22:28:14","date_gmt":"2024-02-25T22:28:14","guid":{"rendered":"https:\/\/lanzarote.globalcruiseports.com\/acerca-de\/carrera\/"},"modified":"2026-03-31T10:46:55","modified_gmt":"2026-03-31T10:46:55","slug":"carrera","status":"publish","type":"page","link":"https:\/\/lanzarotecruiseport.com\/es\/acerca-de\/carrera\/","title":{"rendered":"Carrera"},"content":{"rendered":"\r\n\r\n\r\n<section class=\"section page page-bg-light  \">\r\n\t<style>\r\n                .page-header-bg {\r\n                    background-image: url(https:\/\/lanzarotecruiseport.com\/wp-content\/uploads\/sites\/84\/2025\/04\/Group-165031.png);\r\n                    background-size: cover;\r\n                    background-position: center;\r\n                }\r\n\t\t\t\t.hero-content{\r\n\t\t\t\t    top: 50%;\r\n    \t\t\t\tposition: absolute;\r\n    \t\t\t\ttransform: translateY(-50%);\r\n\t\t\t\t}\r\n              <\/style><div class=\"page-header-bg pr\">\t<div class=\"container w100\">\r\n\t\t<div class=\"row flex hero-content\">\r\n\t\t\t<div class=\"cl-12 page-header\">\r\n\t\t\t\t\t\t\t\t<h5><a href=\"https:\/\/lanzarotecruiseport.com\/es\/\/about\/\" class=\"color-white\">SOBRE NOSOTROS<\/a> > Carrera<\/h5>\r\n\t\t\t\t<h1>Carrera<\/h1>\r\n\t\t\t<\/div>\r\n\t\t<\/div>\r\n\t<\/div>\r\n\t<\/div>\r\n<\/section>\n\n<section class=\"section section-content-title page-bg-light\" id=\"page-bg-light\">\r\n\t<div class=\"container\">\r\n\t\t<div class=\"row flex align-i-center\">\r\n\t\t\t<div class=\"cl-5\">\r\n\t\t\t\t\t\t\t\t<h2>\r\n\t\t\t\t\tListo para \t\t\t\t\t<br>\r\n\t\t\t\t\t<span class=\"primary-color\">el Futuro<\/span>\r\n\t\t\t\t<\/h2>\r\n\t\t\t<\/div>\r\n\t\t\t<div class=\"cl-7\">\r\n\t\t\t\t<p class=\"grey-color\"><p>\u00bfQuieres marcar la diferencia en la industria de cruceros? Descubre carreras gratificantes con nosotros y forma parte de nuestro equipo din\u00e1mico y en crecimiento en Lanzarote Cruise Port.<\/p>\n<\/p>\r\n\t\t\t<\/div>\r\n\t\t<\/div>\r\n\t<\/div>\r\n<\/section>\r\n\n\n<section class=\"section section-content-image page-bg-light\" id=\"page-bg-light\">\r\n\t<div class=\"container\">\r\n\t\t<div class=\"row flex align-i-center  flex-row-reverse \">\r\n\t\t\t<div class=\"cl-6\">\r\n\t\t\t\t<img decoding=\"async\" src=\"https:\/\/lanzarotecruiseport.com\/wp-content\/uploads\/sites\/84\/2025\/05\/image-20.png\" class=\"w100\" alt=\"\" \/>\r\n\t\t\t<\/div>\r\n\t\t\t<div class=\"cl-1\">\r\n\t\t\t\t\r\n\t\t\t<\/div>\r\n\t\t\t<div class=\"cl-5\">\r\n\t\t\t\t<h3>Un mar de oportunidades<\/h3>\r\n\t\t\t\t<p>\u00bfBuscas una carrera diferente? \u00a1\u00danete a nuestro equipo!<\/p>\n<p>Desde puestos de atenci\u00f3n al cliente hasta roles administrativos, cada miembro del equipo desempe\u00f1a un papel clave en el \u00e9xito de nuestro negocio.<\/p>\n<p>Si deseas conocer m\u00e1s sobre las oportunidades disponibles en Lanzarote Cruise Port y en el sector de gesti\u00f3n portuaria de cruceros, revisa nuestras vacantes abiertas y env\u00eda tu curr\u00edculum a <strong><a class=\"primary-color\" href=\"mailto:info@lanzarotecruiseport.com\">info@lanzarotecruiseport.com<\/a><\/strong><\/p>\n\t\t\t\t\t\t\t<\/div>\r\n\t\t<\/div>\r\n\t<\/div>\r\n<\/section>\r\n\n\n<section class=\"section section-content-image page-bg-light\" id=\"page-bg-light\">\r\n\t<div class=\"container\">\r\n\t\t<div class=\"row flex align-i-center \">\r\n\t\t\t<div class=\"cl-6\">\r\n\t\t\t\t<img decoding=\"async\" src=\"https:\/\/lanzarotecruiseport.com\/wp-content\/uploads\/sites\/84\/2025\/05\/kariyer.jpg\" class=\"w100\" alt=\"\" \/>\r\n\t\t\t<\/div>\r\n\t\t\t<div class=\"cl-1\">\r\n\t\t\t\t\r\n\t\t\t<\/div>\r\n\t\t\t<div class=\"cl-5\">\r\n\t\t\t\t<h3>Nuestra Cultura<\/h3>\r\n\t\t\t\t<p>Ser parte del equipo de LCP significa unirse a una comunidad de personas apasionadas que se enorgullecen de brindar un servicio excelente y crear experiencias memorables para nuestros pasajeros.<\/p>\n<p>Creemos en el respeto, la colaboraci\u00f3n constante y en celebrar nuestros \u00e9xitos colectivos. \u00a1Una victoria para cualquier miembro del equipo es una victoria para todos! Estamos orientados a resultados, trabajando cada d\u00eda para lograr el \u00e9xito en beneficio de nuestros pasajeros, colegas, socios, inversores y otros interesados, avanzando hacia nuestros objetivos comunes.<\/p>\n\t\t\t\t\t\t\t<\/div>\r\n\t\t<\/div>\r\n\t<\/div>\r\n<\/section>\r\n\n\n<section class=\"section section-content-image mb-4\" id=\"mb-4\">\r\n\t<div class=\"container\">\r\n\t\t<div class=\"row flex align-i-center  flex-row-reverse \">\r\n\t\t\t<div class=\"cl-6\">\r\n\t\t\t\t<img decoding=\"async\" src=\"https:\/\/lanzarotecruiseport.com\/wp-content\/uploads\/sites\/84\/2025\/05\/Expertise.jpg\" class=\"w100\" alt=\"\" \/>\r\n\t\t\t<\/div>\r\n\t\t\t<div class=\"cl-1\">\r\n\t\t\t\t\r\n\t\t\t<\/div>\r\n\t\t\t<div class=\"cl-5\">\r\n\t\t\t\t<h3>Experiencia Global, Impacto Local<\/h3>\r\n\t\t\t\t<p class=\"p1\">Como parte de la familia Global Ports Holding, el Puerto de Cruceros de Lanzarote adopta un enfoque \"glocal\". Con m\u00e1s de 900 empleados de m\u00e1s de 20 pa\u00edses en el equipo de GPH, combinamos alcance global con experiencia local para brindar servicios excepcionales y una conexi\u00f3n significativa. \u00danase a nosotros en un entorno din\u00e1mico donde sus contribuciones marcan la diferencia tanto a nivel global como local.<\/p>\n\t\t\t\t\t\t\t<\/div>\r\n\t\t<\/div>\r\n\t<\/div>\r\n<\/section>\r\n\n\n\r\n<style>\r\n\t.section-career .page-header-bg {\r\n\t\tbackground-image: url(https:\/\/lanzarotecruiseport.com\/wp-content\/uploads\/sites\/84\/2025\/05\/Group-216952.png);\r\n\t}\r\n<\/style>\r\n\r\n\t\r\n<\/section>\r\n\r\n<div class=\"modal-wrapper hide\">\r\n\t<div class=\"container\">\r\n\t\t<div class=\"row flex align-i-center justify-c-center\">\r\n\t\t\t<div class=\"cl-10\">\r\n\t\t\t\t<div class=\"dark-form-wrapper modal-form-wrapper\">\r\n\t\t\t\t\t<div class=\"modal-close\">\r\n\t\t\t\t\t\t<span><\/span>\r\n\t\t\t\t\t\t<span><\/span>\r\n\t\t\t\t\t<\/div>\r\n\t\t\t\t\t<p class=\"wpcf7-contact-form-not-found\"><strong>Error:<\/strong> Formulario de contacto no encontrado.<\/p>\t\t\t\t<\/div>\r\n\t\t\t<\/div>\r\n\t\t<\/div>\r\n\t<\/div>\r\n<\/div>\r\n\r\n<script>\r\n\tdocument.addEventListener('DOMContentLoaded', function() {\r\n\t\tconst openModalSpans = document.querySelectorAll('.career-apply-form');\r\n\t\tconst ModalWrapper = document.querySelector('.modal-wrapper');\r\n\t\tconst formPositionInput = document.getElementById('form-position');\r\n\t\tconst modalCloseButton = document.querySelector('.modal-close');\r\n\r\n\t\t\/\/ Function to open the modal\r\n\t\tfunction openModal(positionValue) {\r\n\t\t\tformPositionInput.value = positionValue;\r\n\t\t\tModalWrapper.classList.remove('hide');\r\n\t\t}\r\n\r\n\t\t\/\/ Function to close the modal\r\n\t\tfunction closeModal() {\r\n\t\t\tModalWrapper.classList.add('hide');\r\n\t\t}\r\n\r\n\t\t\/\/ Event listeners for each career-apply-form span\r\n\t\topenModalSpans.forEach(function(span) {\r\n\t\t\tspan.addEventListener('click', function(event) {\r\n\t\t\t\tconst positionValue = span.getAttribute('data-position');\r\n\t\t\t\topenModal(positionValue);\r\n\t\t\t});\r\n\t\t});\r\n\r\n\t\t\/\/ Event listener for the modal close button\r\n\t\tif (modalCloseButton) {\r\n\t\t\tmodalCloseButton.addEventListener('click', function() {\r\n\t\t\t\tcloseModal(); \/\/ Close the modal when modal-close button is clicked\r\n\t\t\t});\r\n\t\t}\r\n\r\n\t\t\/\/ Event listener to close modal when clicking outside the modal\r\n\t\tdocument.addEventListener('click', function(event) {\r\n\t\t\tif (!ModalWrapper.contains(event.target) && event.target !== modalCloseButton && !isModalOpen()) {\r\n\t\t\t\tcloseModal(); \/\/ Close modal if click is outside the modal and not on modal-close button\r\n\t\t\t}\r\n\t\t});\r\n\r\n\t\t\/\/ Function to check if modal is currently open\r\n\t\tfunction isModalOpen() {\r\n\t\t\treturn !ModalWrapper.classList.contains('hide');\r\n\t\t}\r\n\t});\r\n<\/script>\n\n","protected":false},"excerpt":{"rendered":"","protected":false},"author":1,"featured_media":0,"parent":6952,"menu_order":0,"comment_status":"closed","ping_status":"closed","template":"","meta":{"_acf_changed":false,"footnotes":""},"class_list":["post-6989","page","type-page","status-publish","hentry"],"acf":[],"_links":{"self":[{"href":"https:\/\/lanzarotecruiseport.com\/es\/wp-json\/wp\/v2\/pages\/6989","targetHints":{"allow":["GET"]}}],"collection":[{"href":"https:\/\/lanzarotecruiseport.com\/es\/wp-json\/wp\/v2\/pages"}],"about":[{"href":"https:\/\/lanzarotecruiseport.com\/es\/wp-json\/wp\/v2\/types\/page"}],"author":[{"embeddable":true,"href":"https:\/\/lanzarotecruiseport.com\/es\/wp-json\/wp\/v2\/users\/1"}],"replies":[{"embeddable":true,"href":"https:\/\/lanzarotecruiseport.com\/es\/wp-json\/wp\/v2\/comments?post=6989"}],"version-history":[{"count":8,"href":"https:\/\/lanzarotecruiseport.com\/es\/wp-json\/wp\/v2\/pages\/6989\/revisions"}],"predecessor-version":[{"id":8403,"href":"https:\/\/lanzarotecruiseport.com\/es\/wp-json\/wp\/v2\/pages\/6989\/revisions\/8403"}],"up":[{"embeddable":true,"href":"https:\/\/lanzarotecruiseport.com\/es\/wp-json\/wp\/v2\/pages\/6952"}],"wp:attachment":[{"href":"https:\/\/lanzarotecruiseport.com\/es\/wp-json\/wp\/v2\/media?parent=6989"}],"curies":[{"name":"wp","href":"https:\/\/api.w.org\/{rel}","templated":true}]}}