{"id":7185,"date":"2024-02-22T09:19:32","date_gmt":"2024-02-22T09:19:32","guid":{"rendered":"https:\/\/lanzarote.globalcruiseports.com\/servicios\/port-services\/"},"modified":"2026-03-13T07:59:45","modified_gmt":"2026-03-13T07:59:45","slug":"servicios-portuarios","status":"publish","type":"page","link":"https:\/\/lanzarotecruiseport.com\/es\/servicios\/servicios-portuarios\/","title":{"rendered":"Servicios portuarios"},"content":{"rendered":"\r\n<style>\r\n\t.page-content-wrapper {\r\n\t\tz-index: 2;\r\n\t}\r\n<\/style>\r\n\r\n<section class=\"section page page-bg-light \">\r\n\t<style>\r\n                .page-header-bg {\r\n                    background-image: url(https:\/\/lanzarotecruiseport.com\/wp-content\/uploads\/sites\/84\/2025\/04\/M0A0416-1.png);\r\n                    background-size: cover;\r\n                    background-position: center;\r\n                }\r\n\t\t\t\t.hero-content{\r\n\t\t\t\t    top: 50%;\r\n    \t\t\t\tposition: absolute;\r\n    \t\t\t\ttransform: translateY(-50%);\r\n\t\t\t\t}\r\n              <\/style><div class=\"page-header-bg pr\">\t<div class=\"container w100\">\r\n\t\t<div class=\"row flex hero-content\">\r\n\t\t\t<div class=\"row flex\">\r\n\t\t\t\t<div class=\"cl-12 page-header\">\r\n\t\t\t\t\t<h5 class=\"uppercase\"><a href=\"https:\/\/lanzarotecruiseport.com\/es\/\/port\/\" class=\"color-white\">\tPUERTO<\/a> > Servicios portuarios<\/h5>\r\n\t\t\t\t\t<h1>Servicios portuarios<\/h1>\r\n\t\t\t\t<\/div>\r\n\t\t\t<\/div>\r\n\t\t<\/div>\r\n\t<\/div>\r\n\t<\/div>\r\n\t<div class=\"page-content-wrapper pr\">\r\n\t\t<div class=\"container\">\r\n\t\t\t<div class=\"row flex align-i-center justify-c-center\">\r\n\t\t\t\t<div class=\"cl-10\">\r\n\t\t\t\t\t<div class=\"page-bg-white\">\r\n\t\t\t\t\t\t\t\t\t\t\t<div class=\"row flex\">\r\n\t\t\t\t\t\t\t<div class=\"cl-12\">\r\n\t\t\t\t\t\t\t\t<div id=\"tab0\" class=\"tab-2-content active-tab\">\r\n\t\t\t\t\t\t\t\t\t<div class=\"accordion accordion-ii\">\r\n\t\t\t\t\t\t\t\t\t\t\t\t\t\t\t\t\t\t\t\t\t\t<div class=\"accordion-header accordion-header-md black-arrow active first-item\">\r\n\t\t\t\t\t\t\t\t\t\t\t\t\tAsistencia para silla de ruedas\t\t\t\t\t\t\t\t\t\t\t\t<\/div>\r\n\t\t\t\t\t\t\t\t\t\t\t\t<div class=\"desktop-accordion-content mobile-accordion-content accordion-content active\">\r\n\t\t\t\t\t\t\t\t\t\t\t\t\t<div class=\"row flex\">\r\n\t\t\t\t\t\t\t\t\t\t\t\t\t\t<div class=\"cl-6 accordion-content-light\">\r\n\t\t\t\t\t\t\t\t\t\t\t\t\t\t\t<p>Nuestras terminales son completamente accesibles para las sillas de ruedas, equipadas con ascensores y aseos accesibles para su conveniencia. Adem\u00e1s, hay sillas de ruedas disponibles en toda la terminal. Contacte con seguridad a su llegada para asistencia inmediata.<\/p>\n\t\t\t\t\t\t\t\t\t\t\t\t\t\t<\/div>\r\n\t\t\t\t\t\t\t\t\t\t\t\t\t\t<div class=\"cl-6\">\r\n\t\t\t\t\t\t\t\t\t\t\t\t\t\t\t<img decoding=\"async\" src=\"https:\/\/lanzarotecruiseport.com\/wp-content\/uploads\/sites\/84\/2025\/03\/PASSENGE-RMOBILITY.png\" alt=\"Asistencia para silla de ruedas\" class=\"w100\">\t\t\t\t\t\t\t\t\t\t\t\t\t\t<\/div>\r\n\t\t\t\t\t\t\t\t\t\t\t\t\t<\/div>\r\n\t\t\t\t\t\t\t\t\t\t\t\t<\/div>\r\n\t\t\t\t\t\t\t\t\t\t\t\t\t\t\t\t\t\t\t\t\t\t<div class=\"accordion-header accordion-header-md black-arrow \">\r\n\t\t\t\t\t\t\t\t\t\t\t\t\tDEA\t\t\t\t\t\t\t\t\t\t\t\t<\/div>\r\n\t\t\t\t\t\t\t\t\t\t\t\t<div class=\"desktop-accordion-content mobile-accordion-content accordion-content \">\r\n\t\t\t\t\t\t\t\t\t\t\t\t\t<div class=\"row flex\">\r\n\t\t\t\t\t\t\t\t\t\t\t\t\t\t<div class=\"cl-6 accordion-content-light\">\r\n\t\t\t\t\t\t\t\t\t\t\t\t\t\t\t<p>Hay desfibriladores externos autom\u00e1ticos (DEA) disponibles en varios lugares de la terminal para su uso en caso de emergencia.<\/p>\n\t\t\t\t\t\t\t\t\t\t\t\t\t\t<\/div>\r\n\t\t\t\t\t\t\t\t\t\t\t\t\t\t<div class=\"cl-6\">\r\n\t\t\t\t\t\t\t\t\t\t\t\t\t\t\t<img decoding=\"async\" src=\"https:\/\/lanzarotecruiseport.com\/wp-content\/uploads\/sites\/84\/2024\/12\/AED.png\" alt=\"DEA\" class=\"w100\">\t\t\t\t\t\t\t\t\t\t\t\t\t\t<\/div>\r\n\t\t\t\t\t\t\t\t\t\t\t\t\t<\/div>\r\n\t\t\t\t\t\t\t\t\t\t\t\t<\/div>\r\n\t\t\t\t\t\t\t\t\t\t\t\t\t\t\t\t\t\t\t\t\t\t<div class=\"accordion-header accordion-header-md black-arrow \">\r\n\t\t\t\t\t\t\t\t\t\t\t\t\tEstaci\u00f3n de Taxi\t\t\t\t\t\t\t\t\t\t\t\t<\/div>\r\n\t\t\t\t\t\t\t\t\t\t\t\t<div class=\"desktop-accordion-content mobile-accordion-content accordion-content \">\r\n\t\t\t\t\t\t\t\t\t\t\t\t\t<div class=\"row flex\">\r\n\t\t\t\t\t\t\t\t\t\t\t\t\t\t<div class=\"cl-6 accordion-content-light\">\r\n\t\t\t\t\t\t\t\t\t\t\t\t\t\t\t<p>Nuestra parada de taxis garantiza un transporte r\u00e1pido y sin complicaciones para los visitantes, tanto si busca un recorrido en taxi como si se dirige al aeropuerto o a cualquier otro lugar.<\/p>\n\t\t\t\t\t\t\t\t\t\t\t\t\t\t<\/div>\r\n\t\t\t\t\t\t\t\t\t\t\t\t\t\t<div class=\"cl-6\">\r\n\t\t\t\t\t\t\t\t\t\t\t\t\t\t\t<img decoding=\"async\" src=\"https:\/\/lanzarotecruiseport.com\/wp-content\/uploads\/sites\/84\/2025\/03\/TAXI-STATION.png\" alt=\"Estaci\u00f3n de Taxi\" class=\"w100\">\t\t\t\t\t\t\t\t\t\t\t\t\t\t<\/div>\r\n\t\t\t\t\t\t\t\t\t\t\t\t\t<\/div>\r\n\t\t\t\t\t\t\t\t\t\t\t\t<\/div>\r\n\t\t\t\t\t\t\t\t\t\t\t\t\t\t\t\t\t\t\t\t\t\t<div class=\"accordion-header accordion-header-md black-arrow \">\r\n\t\t\t\t\t\t\t\t\t\t\t\t\tMoneda y cambio\t\t\t\t\t\t\t\t\t\t\t\t<\/div>\r\n\t\t\t\t\t\t\t\t\t\t\t\t<div class=\"desktop-accordion-content mobile-accordion-content accordion-content \">\r\n\t\t\t\t\t\t\t\t\t\t\t\t\t<div class=\"row flex\">\r\n\t\t\t\t\t\t\t\t\t\t\t\t\t\t<div class=\"cl-6 accordion-content-light\">\r\n\t\t\t\t\t\t\t\t\t\t\t\t\t\t\t<p>Hay cajeros autom\u00e1ticos y oficinas de cambio en todas las terminales.<\/p>\n\t\t\t\t\t\t\t\t\t\t\t\t\t\t<\/div>\r\n\t\t\t\t\t\t\t\t\t\t\t\t\t\t<div class=\"cl-6\">\r\n\t\t\t\t\t\t\t\t\t\t\t\t\t\t\t<img decoding=\"async\" src=\"https:\/\/lanzarotecruiseport.com\/wp-content\/uploads\/sites\/84\/2025\/03\/CURRENCY-EXCHANGE.png\" alt=\"Moneda y cambio\" class=\"w100\">\t\t\t\t\t\t\t\t\t\t\t\t\t\t<\/div>\r\n\t\t\t\t\t\t\t\t\t\t\t\t\t<\/div>\r\n\t\t\t\t\t\t\t\t\t\t\t\t<\/div>\r\n\t\t\t\t\t\t\t\t\t\t\t\t\t\t\t\t\t\t\t\t\t\t<div class=\"accordion-header accordion-header-md black-arrow \">\r\n\t\t\t\t\t\t\t\t\t\t\t\t\tServicio de equipaje\t\t\t\t\t\t\t\t\t\t\t\t<\/div>\r\n\t\t\t\t\t\t\t\t\t\t\t\t<div class=\"desktop-accordion-content mobile-accordion-content accordion-content \">\r\n\t\t\t\t\t\t\t\t\t\t\t\t\t<div class=\"row flex\">\r\n\t\t\t\t\t\t\t\t\t\t\t\t\t\t<div class=\"cl-6 accordion-content-light\">\r\n\t\t\t\t\t\t\t\t\t\t\t\t\t\t\t<p>Viaje ligero y sin estr\u00e9s con nuestros servicios de equipaje. Le llevamos y recogemos sus maletas en la terminal para que pueda disfrutar de su d\u00eda sin cargas. Adem\u00e1s, hay una consigna de equipaje situada justo fuera de la terminal para su comodidad. Disponible bajo petici\u00f3n.<\/p>\n\t\t\t\t\t\t\t\t\t\t\t\t\t\t<\/div>\r\n\t\t\t\t\t\t\t\t\t\t\t\t\t\t<div class=\"cl-6\">\r\n\t\t\t\t\t\t\t\t\t\t\t\t\t\t\t<img decoding=\"async\" src=\"https:\/\/lanzarotecruiseport.com\/wp-content\/uploads\/sites\/84\/2024\/12\/BAGGAGE-SERVICES.png\" alt=\"Servicio de equipaje\" class=\"w100\">\t\t\t\t\t\t\t\t\t\t\t\t\t\t<\/div>\r\n\t\t\t\t\t\t\t\t\t\t\t\t\t<\/div>\r\n\t\t\t\t\t\t\t\t\t\t\t\t<\/div>\r\n\t\t\t\t\t\t\t\t\t\t\t\t\t\t\t\t\t\t\t<\/div>\r\n\t\t\t\t\t\t\t\t<\/div>\r\n\t\t\t\t\t\t\t\t\t\t\t\t\t\t\t\t\t\t\t\t\t\t\t<\/div>\r\n\t\t\t\t\t\t<\/div>\r\n\t\t\t\t\t<\/div>\r\n\t\t\t\t<\/div>\r\n\t\t\t<\/div>\r\n\t\t<\/div>\r\n\t<\/div>\r\n<\/section>\n\n\r\n<section class=\"section section-accordion page-bg-light\">\r\n\t<div class=\"container\">\r\n\t\t<div class=\"row flex section-header\">\r\n\t\t\t<div class=\"cl-4\">\r\n\t\t\t\t<h2>\r\n\t\t\t\t\tUna experiencia integrada\t\t\t\t\t<br>\r\n\t\t\t\t\t<span class=\"primary-color\">Nuestros servicios<\/span>\r\n\t\t\t\t<\/h2>\r\n\t\t\t<\/div>\r\n\t\t\t<div class=\"cl-7 offset-1\">\r\n\t\t\t\t<p class=\"grey-color\">Ofrecemos una amplia gama de servicios y estamos comprometidos a brindar la mejor experiencia posible. Desde servicios exclusivos para pasajeros y tripulaci\u00f3n hasta una gran variedad de prestaciones para los cruceros, nuestro equipo est\u00e1 dedicado a atender cada necesidad. Esperamos poder atenderle y hacer que su visita sea verdaderamente excepcional.<\/p>\r\n\t\t\t<\/div>\r\n\t\t<\/div>\r\n\t\t<div class=\"row flex accordion-mobile-vertical section-accoridon-content accordion\">\r\n\t\t\t<div class=\"cl-4 accordion-left\">\r\n\t\t\t\t\t\t\t\t\t<div class=\"accordion-header active\">\r\n\t\t\t\t\t\t\t\t\t\t\t\t<img decoding=\"async\" src=\"https:\/\/lanzarotecruiseport.com\/wp-content\/uploads\/sites\/84\/2024\/02\/icon-service-1.svg\" alt=\"\" \/>\r\n\r\n\t\t\t\t\t\tServicios al pasajero\t\t\t\t\t\t<div class=\"hide-mobile accordion-right\">\r\n\r\n\r\n\t\t\t\t\t\t\t<div class=\"accordion-content mobile-accordion-content active\">\r\n\t\t\t\t\t\t\t\t<div class=\"flex flex-wrap\">\r\n\t\t\t\t\t\t\t\t\t\t\t\t\t\t\t\t\t\t\t\t<div class=\"list-item\">\r\n\t\t\t\t\t\t\t\t\t\t\t\tAsistencia para silla de ruedas\t\t\t\t\t\t\t\t\t\t\t<\/div>\r\n\t\t\t\t\t\t\t\t\t\t\t\t\t\t\t\t\t\t\t\t<div class=\"list-item\">\r\n\t\t\t\t\t\t\t\t\t\t\t\tServicio de equipaje\t\t\t\t\t\t\t\t\t\t\t<\/div>\r\n\t\t\t\t\t\t\t\t\t\t\t\t\t\t\t\t\t\t\t\t<div class=\"list-item\">\r\n\t\t\t\t\t\t\t\t\t\t\t\tEstaci\u00f3n de Taxi\t\t\t\t\t\t\t\t\t\t\t<\/div>\r\n\t\t\t\t\t\t\t\t\t\t\t\t\t\t\t\t\t\t\t\t<div class=\"list-item\">\r\n\t\t\t\t\t\t\t\t\t\t\t\tMoneda y cambio\t\t\t\t\t\t\t\t\t\t\t<\/div>\r\n\t\t\t\t\t\t\t\t\t\t\t\t\t\t\t\t\t\t\t\t<div class=\"list-item\">\r\n\t\t\t\t\t\t\t\t\t\t\t\tDEA\t\t\t\t\t\t\t\t\t\t\t<\/div>\r\n\t\t\t\t\t\t\t\t\t\t\t\t\t\t\t\t\t<\/div>\r\n\r\n\r\n\t\t\t\t\t\t\t\t<div class=\"row flex justify-c-end accordion-services-all\">\r\n\t\t\t\t\t\t\t\t\t<a href=\"https:\/\/lanzarotecruiseport.com\/es\/\/services-home\/servicios-al-pasajero\" class=\"cta primary-color\">\r\n\t\t\t\t\t\t\t\t\t\tALL Servicios al pasajero\r\n\t\t\t\t\t\t\t\t\t\t<svg xmlns=\"http:\/\/www.w3.org\/2000\/svg\" width=\"12.828\" height=\"12.829\" viewBox=\"0 0 12.828 12.829\">\r\n\t\t\t\t\t\t\t\t\t\t\t<g id=\"Icon_feather-arrow-up-right\" data-name=\"Icon feather-arrow-up-right\" transform=\"translate(-9.086 -9.086)\">\r\n\t\t\t\t\t\t\t\t\t\t\t\t<path id=\"Path_3\" data-name=\"Path 3\" d=\"M10.5,20.5l10-10\" fill=\"none\" class=\"primary-stroke\" stroke-linecap=\"round\" stroke-linejoin=\"round\" stroke-width=\"2\"><\/path>\r\n\t\t\t\t\t\t\t\t\t\t\t\t<path id=\"Path_4\" data-name=\"Path 4\" d=\"M10.5,10.5h10v10\" fill=\"none\" class=\"primary-stroke\" stroke-linecap=\"round\" stroke-linejoin=\"round\" stroke-width=\"2\"><\/path>\r\n\t\t\t\t\t\t\t\t\t\t\t<\/g>\r\n\t\t\t\t\t\t\t\t\t\t<\/svg>\r\n\t\t\t\t\t\t\t\t\t<\/a>\r\n\t\t\t\t\t\t\t\t<\/div>\r\n\r\n\t\t\t\t\t\t\t<\/div>\r\n\r\n\r\n\r\n\t\t\t\t\t\t<\/div>\r\n\t\t\t\t\t<\/div>\r\n\t\t\t\t\t\t\t\t\t<div class=\"accordion-header \">\r\n\t\t\t\t\t\t\t\t\t\t\t\t<img decoding=\"async\" src=\"https:\/\/lanzarotecruiseport.com\/wp-content\/uploads\/sites\/84\/2024\/02\/icon-service-2.svg\" alt=\"\" \/>\r\n\r\n\t\t\t\t\t\tServicios para la Tripulaci\u00f3n\t\t\t\t\t\t<div class=\"hide-mobile accordion-right\">\r\n\r\n\r\n\t\t\t\t\t\t\t<div class=\"accordion-content mobile-accordion-content \">\r\n\t\t\t\t\t\t\t\t<div class=\"flex flex-wrap\">\r\n\t\t\t\t\t\t\t\t\t\t\t\t\t\t\t\t\t\t\t\t<div class=\"list-item\">\r\n\t\t\t\t\t\t\t\t\t\t\t\tEstaci\u00f3n de Taxi\t\t\t\t\t\t\t\t\t\t\t<\/div>\r\n\t\t\t\t\t\t\t\t\t\t\t\t\t\t\t\t\t\t\t\t<div class=\"list-item\">\r\n\t\t\t\t\t\t\t\t\t\t\t\tMoneda y cambio\t\t\t\t\t\t\t\t\t\t\t<\/div>\r\n\t\t\t\t\t\t\t\t\t\t\t\t\t\t\t\t\t\t\t\t<div class=\"list-item\">\r\n\t\t\t\t\t\t\t\t\t\t\t\tDEA\t\t\t\t\t\t\t\t\t\t\t<\/div>\r\n\t\t\t\t\t\t\t\t\t\t\t\t\t\t\t\t\t<\/div>\r\n\r\n\r\n\t\t\t\t\t\t\t\t<div class=\"row flex justify-c-end accordion-services-all\">\r\n\t\t\t\t\t\t\t\t\t<a href=\"https:\/\/lanzarotecruiseport.com\/es\/\/services-home\/servicios-para-la-tripulacion\" class=\"cta primary-color\">\r\n\t\t\t\t\t\t\t\t\t\tALL Servicios para la Tripulaci\u00f3n\r\n\t\t\t\t\t\t\t\t\t\t<svg xmlns=\"http:\/\/www.w3.org\/2000\/svg\" width=\"12.828\" height=\"12.829\" viewBox=\"0 0 12.828 12.829\">\r\n\t\t\t\t\t\t\t\t\t\t\t<g id=\"Icon_feather-arrow-up-right\" data-name=\"Icon feather-arrow-up-right\" transform=\"translate(-9.086 -9.086)\">\r\n\t\t\t\t\t\t\t\t\t\t\t\t<path id=\"Path_3\" data-name=\"Path 3\" d=\"M10.5,20.5l10-10\" fill=\"none\" class=\"primary-stroke\" stroke-linecap=\"round\" stroke-linejoin=\"round\" stroke-width=\"2\"><\/path>\r\n\t\t\t\t\t\t\t\t\t\t\t\t<path id=\"Path_4\" data-name=\"Path 4\" d=\"M10.5,10.5h10v10\" fill=\"none\" class=\"primary-stroke\" stroke-linecap=\"round\" stroke-linejoin=\"round\" stroke-width=\"2\"><\/path>\r\n\t\t\t\t\t\t\t\t\t\t\t<\/g>\r\n\t\t\t\t\t\t\t\t\t\t<\/svg>\r\n\t\t\t\t\t\t\t\t\t<\/a>\r\n\t\t\t\t\t\t\t\t<\/div>\r\n\r\n\t\t\t\t\t\t\t<\/div>\r\n\r\n\r\n\r\n\t\t\t\t\t\t<\/div>\r\n\t\t\t\t\t<\/div>\r\n\t\t\t\t\t\t\t<\/div>\r\n\t\t\t<div class=\"cl-7 offset-1 accordion-right hide-desktop\">\r\n\t\t\t\t\t\t\t\t\t<div class=\"accordion-content desktop-accordion-content h100 active\">\r\n\r\n\t\t\t\t\t\t<div class=\"h100\">\r\n\t\t\t\t\t\t\t<div class=\"row flex flex-wrap\">\r\n\t\t\t\t\t\t\t\t\t\t\t\t\t\t\t\t\t\t<div class=\"cl-4\">\r\n\t\t\t\t\t\t\t\t\t\t\t<div class=\"list-item\">\r\n\t\t\t\t\t\t\t\t\t\t\t\tAsistencia para silla de ruedas\t\t\t\t\t\t\t\t\t\t\t<\/div>\r\n\t\t\t\t\t\t\t\t\t\t<\/div>\r\n\t\t\t\t\t\t\t\t\t\t\t\t\t\t\t\t\t\t<div class=\"cl-4\">\r\n\t\t\t\t\t\t\t\t\t\t\t<div class=\"list-item\">\r\n\t\t\t\t\t\t\t\t\t\t\t\tDEA\t\t\t\t\t\t\t\t\t\t\t<\/div>\r\n\t\t\t\t\t\t\t\t\t\t<\/div>\r\n\t\t\t\t\t\t\t\t\t\t\t\t\t\t\t\t\t\t<div class=\"cl-4\">\r\n\t\t\t\t\t\t\t\t\t\t\t<div class=\"list-item\">\r\n\t\t\t\t\t\t\t\t\t\t\t\tEstaci\u00f3n de Taxi\t\t\t\t\t\t\t\t\t\t\t<\/div>\r\n\t\t\t\t\t\t\t\t\t\t<\/div>\r\n\t\t\t\t\t\t\t\t\t\t\t\t\t\t\t\t\t\t<div class=\"cl-4\">\r\n\t\t\t\t\t\t\t\t\t\t\t<div class=\"list-item\">\r\n\t\t\t\t\t\t\t\t\t\t\t\tMoneda y cambio\t\t\t\t\t\t\t\t\t\t\t<\/div>\r\n\t\t\t\t\t\t\t\t\t\t<\/div>\r\n\t\t\t\t\t\t\t\t\t\t\t\t\t\t\t\t\t\t<div class=\"cl-4\">\r\n\t\t\t\t\t\t\t\t\t\t\t<div class=\"list-item\">\r\n\t\t\t\t\t\t\t\t\t\t\t\tServicio de equipaje\t\t\t\t\t\t\t\t\t\t\t<\/div>\r\n\t\t\t\t\t\t\t\t\t\t<\/div>\r\n\t\t\t\t\t\t\t\t\t\t\t\t\t\t\t<\/div>\r\n\t\t\t\t\t\t<\/div>\r\n\r\n\t\t\t\t\t\t<div class=\"row flex justify-c-end accordion-services-all\">\r\n\t\t\t\t\t\t\t<a href=\"https:\/\/lanzarotecruiseport.com\/es\/servicios\/servicios-al-pasajero\" class=\"cta primary-color\">\r\n\t\t\t\t\t\t\t\tTODO Servicios al pasajero\r\n\t\t\t\t\t\t\t\t<svg xmlns=\"http:\/\/www.w3.org\/2000\/svg\" width=\"12.828\" height=\"12.829\" viewBox=\"0 0 12.828 12.829\">\r\n\t\t\t\t\t\t\t\t\t<g id=\"Icon_feather-arrow-up-right\" data-name=\"Icon feather-arrow-up-right\" transform=\"translate(-9.086 -9.086)\">\r\n\t\t\t\t\t\t\t\t\t\t<path id=\"Path_3\" data-name=\"Path 3\" d=\"M10.5,20.5l10-10\" fill=\"none\" class=\"primary-stroke\" stroke-linecap=\"round\" stroke-linejoin=\"round\" stroke-width=\"2\"><\/path>\r\n\t\t\t\t\t\t\t\t\t\t<path id=\"Path_4\" data-name=\"Path 4\" d=\"M10.5,10.5h10v10\" fill=\"none\" class=\"primary-stroke\" stroke-linecap=\"round\" stroke-linejoin=\"round\" stroke-width=\"2\"><\/path>\r\n\t\t\t\t\t\t\t\t\t<\/g>\r\n\t\t\t\t\t\t\t\t<\/svg>\r\n\t\t\t\t\t\t\t<\/a>\r\n\t\t\t\t\t\t<\/div>\r\n\r\n\t\t\t\t\t<\/div>\r\n\t\t\t\t\t\t\t\t\t<div class=\"accordion-content desktop-accordion-content h100 \">\r\n\r\n\t\t\t\t\t\t<div class=\"h100\">\r\n\t\t\t\t\t\t\t<div class=\"row flex flex-wrap\">\r\n\t\t\t\t\t\t\t\t\t\t\t\t\t\t\t\t\t\t<div class=\"cl-4\">\r\n\t\t\t\t\t\t\t\t\t\t\t<div class=\"list-item\">\r\n\t\t\t\t\t\t\t\t\t\t\t\tDEA\t\t\t\t\t\t\t\t\t\t\t<\/div>\r\n\t\t\t\t\t\t\t\t\t\t<\/div>\r\n\t\t\t\t\t\t\t\t\t\t\t\t\t\t\t\t\t\t<div class=\"cl-4\">\r\n\t\t\t\t\t\t\t\t\t\t\t<div class=\"list-item\">\r\n\t\t\t\t\t\t\t\t\t\t\t\tEstaci\u00f3n de Taxi\t\t\t\t\t\t\t\t\t\t\t<\/div>\r\n\t\t\t\t\t\t\t\t\t\t<\/div>\r\n\t\t\t\t\t\t\t\t\t\t\t\t\t\t\t\t\t\t<div class=\"cl-4\">\r\n\t\t\t\t\t\t\t\t\t\t\t<div class=\"list-item\">\r\n\t\t\t\t\t\t\t\t\t\t\t\tMoneda y cambio\t\t\t\t\t\t\t\t\t\t\t<\/div>\r\n\t\t\t\t\t\t\t\t\t\t<\/div>\r\n\t\t\t\t\t\t\t\t\t\t\t\t\t\t\t<\/div>\r\n\t\t\t\t\t\t<\/div>\r\n\r\n\t\t\t\t\t\t<div class=\"row flex justify-c-end accordion-services-all\">\r\n\t\t\t\t\t\t\t<a href=\"https:\/\/lanzarotecruiseport.com\/es\/servicios\/servicios-para-la-tripulacion\" class=\"cta primary-color\">\r\n\t\t\t\t\t\t\t\tTODO Servicios para la Tripulaci\u00f3n\r\n\t\t\t\t\t\t\t\t<svg xmlns=\"http:\/\/www.w3.org\/2000\/svg\" width=\"12.828\" height=\"12.829\" viewBox=\"0 0 12.828 12.829\">\r\n\t\t\t\t\t\t\t\t\t<g id=\"Icon_feather-arrow-up-right\" data-name=\"Icon feather-arrow-up-right\" transform=\"translate(-9.086 -9.086)\">\r\n\t\t\t\t\t\t\t\t\t\t<path id=\"Path_3\" data-name=\"Path 3\" d=\"M10.5,20.5l10-10\" fill=\"none\" class=\"primary-stroke\" stroke-linecap=\"round\" stroke-linejoin=\"round\" stroke-width=\"2\"><\/path>\r\n\t\t\t\t\t\t\t\t\t\t<path id=\"Path_4\" data-name=\"Path 4\" d=\"M10.5,10.5h10v10\" fill=\"none\" class=\"primary-stroke\" stroke-linecap=\"round\" stroke-linejoin=\"round\" stroke-width=\"2\"><\/path>\r\n\t\t\t\t\t\t\t\t\t<\/g>\r\n\t\t\t\t\t\t\t\t<\/svg>\r\n\t\t\t\t\t\t\t<\/a>\r\n\t\t\t\t\t\t<\/div>\r\n\r\n\t\t\t\t\t<\/div>\r\n\t\t\t\t\t\t\t<\/div>\r\n\t\t<\/div>\r\n\t<\/div>\r\n<\/section>","protected":false},"excerpt":{"rendered":"","protected":false},"author":1,"featured_media":0,"parent":7162,"menu_order":0,"comment_status":"closed","ping_status":"closed","template":"","meta":{"_acf_changed":false,"footnotes":""},"class_list":["post-7185","page","type-page","status-publish","hentry"],"acf":[],"_links":{"self":[{"href":"https:\/\/lanzarotecruiseport.com\/es\/wp-json\/wp\/v2\/pages\/7185","targetHints":{"allow":["GET"]}}],"collection":[{"href":"https:\/\/lanzarotecruiseport.com\/es\/wp-json\/wp\/v2\/pages"}],"about":[{"href":"https:\/\/lanzarotecruiseport.com\/es\/wp-json\/wp\/v2\/types\/page"}],"author":[{"embeddable":true,"href":"https:\/\/lanzarotecruiseport.com\/es\/wp-json\/wp\/v2\/users\/1"}],"replies":[{"embeddable":true,"href":"https:\/\/lanzarotecruiseport.com\/es\/wp-json\/wp\/v2\/comments?post=7185"}],"version-history":[{"count":2,"href":"https:\/\/lanzarotecruiseport.com\/es\/wp-json\/wp\/v2\/pages\/7185\/revisions"}],"predecessor-version":[{"id":8284,"href":"https:\/\/lanzarotecruiseport.com\/es\/wp-json\/wp\/v2\/pages\/7185\/revisions\/8284"}],"up":[{"embeddable":true,"href":"https:\/\/lanzarotecruiseport.com\/es\/wp-json\/wp\/v2\/pages\/7162"}],"wp:attachment":[{"href":"https:\/\/lanzarotecruiseport.com\/es\/wp-json\/wp\/v2\/media?parent=7185"}],"curies":[{"name":"wp","href":"https:\/\/api.w.org\/{rel}","templated":true}]}}