{"id":7220,"date":"2024-03-10T15:14:41","date_gmt":"2024-03-10T15:14:41","guid":{"rendered":"https:\/\/lanzarote.globalcruiseports.com\/parking\/"},"modified":"2026-03-13T07:55:32","modified_gmt":"2026-03-13T07:55:32","slug":"aparcamiento","status":"publish","type":"page","link":"https:\/\/lanzarotecruiseport.com\/es\/aparcamiento\/","title":{"rendered":"Aparcamiento"},"content":{"rendered":"\r\n<section class=\"section page page-bg-light  \">\r\n\t<style>\r\n                .page-header-bg {\r\n                    background-image: url(https:\/\/lanzarotecruiseport.com\/wp-content\/uploads\/sites\/84\/2025\/05\/DJI_0351-1-scaled.jpg);\r\n                    background-size: cover;\r\n                    background-position: center;\r\n                }\r\n\t\t\t\t.hero-content{\r\n\t\t\t\t    top: 50%;\r\n    \t\t\t\tposition: absolute;\r\n    \t\t\t\ttransform: translateY(-50%);\r\n\t\t\t\t}\r\n              <\/style><div class=\"page-header-bg pr\">\t<div class=\"container w100\">\r\n\t\t<div class=\"row flex hero-content\">\r\n\t\t\t<div class=\"cl-12 page-header\">\r\n\t\t\t\t<h5>Aparcamiento<\/h5>\r\n\t\t\t\t<h1>Aparcamiento<\/h1>\r\n\t\t\t<\/div>\r\n\t\t<\/div>\r\n\t<\/div>\r\n\t<\/div>\r\n<\/section>\r\n\r\n<section class=\"section mb-4\">\r\n\t<div class=\"schedule-container\">\r\n\t\t<div class=\"container\">\r\n\t\t\t<div class=\"row flex align-i-center justify-c-center\">\r\n\t\t\t\t<div class=\"cl-12\">\r\n\t\t\t\t\t<div class=\"\">\r\n\t\t\t\t\t\t<div class=\"row flex page-sub-menu\">\r\n\t\t\t\t\t\t\t<div class=\"cl-12\">\r\n\t\t\t\t\t\t\t\t<nav class=\"menu-class\"><ul id=\"menu-transportation-parking-spanish\" class=\"menu flex align-i-center justify-c-center\"><li id=\"menu-item-7351\" class=\"menu-item menu-item-type-post_type menu-item-object-page menu-item-7351\"><a href=\"https:\/\/lanzarotecruiseport.com\/es\/transporte\/\">Transporte<\/a><\/li>\n<li id=\"menu-item-7352\" class=\"menu-item menu-item-type-post_type menu-item-object-page menu-item-7352\"><a href=\"https:\/\/lanzarotecruiseport.com\/es\/aparcamiento\/\">Aparcamiento<\/a><\/li>\n<\/ul><\/nav>\t\t\t\t\t\t\t<\/div>\r\n\t\t\t\t\t\t<\/div>\r\n\t\t\t\t\t\t<div class=\"row flex align-i-center\">\r\n\t\t\t\t\t\t\t<div class=\"cl-5\">\r\n\t\t\t\t\t\t\t\t<h2>\r\n\t\t\t\t\t\t\t\t\tPlan Ahead\t\t\t\t\t\t\t\t\t<br>\r\n\t\t\t\t\t\t\t\t\t<span class=\"primary-color\">Book Your Parking<\/span>\r\n\t\t\t\t\t\t\t\t<\/h2>\r\n\t\t\t\t\t\t\t<\/div>\r\n\t\t\t\t\t\t\t<div class=\"cl-7\">\r\n\t\t\t\t\t\t\t\t<p class=\"grey-color\">\u00a1Llegar a Lanzarote y salir de la ciudad es muy f\u00e1cil! Ya sea en coche, transporte p\u00fablico u otro medio, encontrar\u00e1s opciones de viaje c\u00f3modas y abundante aparcamiento para garantizar un trayecto sin complicaciones.<\/p>\r\n\t\t\t\t\t\t\t<\/div>\r\n\t\t\t\t\t\t<\/div>\r\n\t\t\t\t\t\t<div class=\"row flex parking-booking-wrapper align-i-center\">\r\n\t\t\t\t\t\t\t<div class=\"cl-4\">\r\n\t\t\t\t\t\t\t\t<h3>Aparcando en el Puerto de Cruceros de Lanzarote<\/h3>\r\n\t\t\t\t\t\t\t\t<p><p>Mientras que el aparcamiento dentro de las terminales es limitado, existen varias opciones de estacionamiento convenientes cerca de los puertos de cruceros de Puerto de Naos y Los M\u00e1rmoles. Los pasajeros pueden encontrar zonas de aparcamiento p\u00fablico gratuito y de pago a poca distancia a pie, as\u00ed como \u00e1reas donde operan autobuses de excursiones y taxis para facilitar los traslados al centro de Arrecife y a otros puntos de la isla.<\/p>\n<p>&nbsp;<\/p>\n<p><strong>Aparcamientos cercanos:<\/strong><\/p>\n<p>&nbsp;<\/p>\n<p><strong>Parking Puerto de Los M\u00e1rmoles<\/strong><br \/>\n\u00c1rea de estacionamiento cercana al muelle, utilizada habitualmente para recogidas, taxis y autobuses tur\u00edsticos.<\/p>\n<p>Los M\u00e1rmoles Port Area, Arrecife<\/p>\n<p>&nbsp;<\/p>\n<p><strong>Parking Intercambiador \/ Parking Municipal de Arrecife<\/strong><br \/>\nAparcamiento p\u00fablico amplio, a pocos minutos del centro y con conexi\u00f3n directa en taxi o bus con ambos puertos.<\/p>\n<p>Calle Dr. Juan Negr\u00edn, Arrecife<\/p>\n<p>&nbsp;<\/p>\n<p><strong>Parking Parque Islas Canarias<\/strong><br \/>\nOpci\u00f3n c\u00e9ntrica y segura, ideal para estancias m\u00e1s largas y para acceder caminando a la zona comercial y mar\u00edtima.<br \/>\nAv. Rafael Gonz\u00e1lez, Arrecife<\/p>\n<\/p>\r\n\t\t\t\t\t\t\t\t\r\n\t\t\t\t\t\t\t<\/div>\r\n\t\t\t\t\t\t\t<div class=\"cl-7 offset-1\">\r\n\t\t\t\t\t\t\t\t<img decoding=\"async\" src=\"https:\/\/lanzarotecruiseport.com\/wp-content\/uploads\/sites\/84\/2025\/03\/parking-scaled.jpg\" class=\"w100\" alt=\"\" \/>\r\n\t\t\t\t\t\t\t<\/div>\r\n\t\t\t\t\t\t<\/div>\r\n\t\t\t\t\t<\/div>\r\n\t\t\t\t<\/div>\r\n\t\t\t<\/div>\r\n\t\t<\/div>\r\n\t<\/div>\r\n<\/section>\r\n\r\n\r\n\n\n\r\n<style>\r\n\t.section-social-responsibilities .page-header-bg {\r\n\t\tbackground-image: url('https:\/\/lanzarotecruiseport.com\/wp-content\/uploads\/sites\/84\/2024\/04\/parking-prices-bg.jpg');\r\n\t}\r\n<\/style>\r\n\r\n\n\n\n\n","protected":false},"excerpt":{"rendered":"","protected":false},"author":1,"featured_media":0,"parent":0,"menu_order":0,"comment_status":"closed","ping_status":"closed","template":"","meta":{"_acf_changed":false,"footnotes":""},"class_list":["post-7220","page","type-page","status-publish","hentry"],"acf":[],"_links":{"self":[{"href":"https:\/\/lanzarotecruiseport.com\/es\/wp-json\/wp\/v2\/pages\/7220","targetHints":{"allow":["GET"]}}],"collection":[{"href":"https:\/\/lanzarotecruiseport.com\/es\/wp-json\/wp\/v2\/pages"}],"about":[{"href":"https:\/\/lanzarotecruiseport.com\/es\/wp-json\/wp\/v2\/types\/page"}],"author":[{"embeddable":true,"href":"https:\/\/lanzarotecruiseport.com\/es\/wp-json\/wp\/v2\/users\/1"}],"replies":[{"embeddable":true,"href":"https:\/\/lanzarotecruiseport.com\/es\/wp-json\/wp\/v2\/comments?post=7220"}],"version-history":[{"count":5,"href":"https:\/\/lanzarotecruiseport.com\/es\/wp-json\/wp\/v2\/pages\/7220\/revisions"}],"predecessor-version":[{"id":8261,"href":"https:\/\/lanzarotecruiseport.com\/es\/wp-json\/wp\/v2\/pages\/7220\/revisions\/8261"}],"wp:attachment":[{"href":"https:\/\/lanzarotecruiseport.com\/es\/wp-json\/wp\/v2\/media?parent=7220"}],"curies":[{"name":"wp","href":"https:\/\/api.w.org\/{rel}","templated":true}]}}